{"id":114,"date":"2023-04-16T16:37:10","date_gmt":"2023-04-16T14:37:10","guid":{"rendered":"https:\/\/www.fondazioniorlando.ch\/?page_id=114"},"modified":"2023-07-13T13:21:26","modified_gmt":"2023-07-13T11:21:26","slug":"stiftung-bpo","status":"publish","type":"page","link":"https:\/\/www.fondazioniorlando.ch\/it\/fondazione-bpo\/","title":{"rendered":"Fondazione BPO"},"content":{"rendered":"<div data-elementor-type=\"wp-page\" data-elementor-id=\"114\" class=\"elementor elementor-114\" data-elementor-post-type=\"page\">\n\t\t\t\t\t\t<section class=\"elementor-section elementor-top-section elementor-element elementor-element-4c367c3 elementor-section-full_width elementor-reverse-tablet elementor-reverse-mobile elementor-section-height-default elementor-section-height-default\" data-id=\"4c367c3\" data-element_type=\"section\">\n\t\t\t\t\t\t<div class=\"elementor-container elementor-column-gap-no\">\n\t\t\t\t\t<div class=\"elementor-column elementor-col-50 elementor-top-column elementor-element elementor-element-58b3a86\" data-id=\"58b3a86\" data-element_type=\"column\">\n\t\t\t<div class=\"elementor-widget-wrap elementor-element-populated\">\n\t\t\t\t\t\t<section class=\"elementor-section elementor-inner-section elementor-element elementor-element-b272054 elementor-section-full_width elementor-section-height-default elementor-section-height-default\" data-id=\"b272054\" data-element_type=\"section\">\n\t\t\t\t\t\t<div class=\"elementor-container elementor-column-gap-no\">\n\t\t\t\t\t<div class=\"elementor-column elementor-col-100 elementor-inner-column elementor-element elementor-element-a4b6a89\" data-id=\"a4b6a89\" data-element_type=\"column\">\n\t\t\t<div class=\"elementor-widget-wrap elementor-element-populated\">\n\t\t\t\t\t\t<div class=\"elementor-element elementor-element-41f07ea elementor-widget elementor-widget-heading\" data-id=\"41f07ea\" data-element_type=\"widget\" data-widget_type=\"heading.default\">\n\t\t\t\t<div class=\"elementor-widget-container\">\n\t\t\t<h3 class=\"elementor-heading-title elementor-size-default\"><a href=\"https:\/\/www.fondazioniorlando.ch\/it\/\">FONDAZIONI ORLANDO<\/a><\/h3>\t\t<\/div>\n\t\t\t\t<\/div>\n\t\t\t\t\t<\/div>\n\t\t<\/div>\n\t\t\t\t\t<\/div>\n\t\t<\/section>\n\t\t\t\t<section class=\"elementor-section elementor-inner-section elementor-element elementor-element-1b11a3f elementor-section-full_width elementor-section-height-min-height elementor-section-content-middle elementor-section-height-default\" data-id=\"1b11a3f\" data-element_type=\"section\">\n\t\t\t\t\t\t<div class=\"elementor-container elementor-column-gap-no\">\n\t\t\t\t\t<div class=\"elementor-column elementor-col-100 elementor-inner-column elementor-element elementor-element-4ca6d22\" data-id=\"4ca6d22\" data-element_type=\"column\">\n\t\t\t<div class=\"elementor-widget-wrap elementor-element-populated\">\n\t\t\t\t\t\t<div class=\"elementor-element elementor-element-d70ae30 animated-slow elementor-invisible elementor-widget elementor-widget-heading\" data-id=\"d70ae30\" data-element_type=\"widget\" data-settings=\"{&quot;_animation&quot;:&quot;fadeIn&quot;}\" data-widget_type=\"heading.default\">\n\t\t\t\t<div class=\"elementor-widget-container\">\n\t\t\t<h1 class=\"elementor-heading-title elementor-size-default\">Fondazione BPO<\/h1>\t\t<\/div>\n\t\t\t\t<\/div>\n\t\t\t\t<div class=\"elementor-element elementor-element-8557083 elementor-widget elementor-widget-heading\" data-id=\"8557083\" data-element_type=\"widget\" data-widget_type=\"heading.default\">\n\t\t\t\t<div class=\"elementor-widget-container\">\n\t\t\t<h6 class=\"elementor-heading-title elementor-size-default\">Aree di sostegno\n<\/h6>\t\t<\/div>\n\t\t\t\t<\/div>\n\t\t\t\t<div class=\"elementor-element elementor-element-5a26621 elementor-widget elementor-widget-text-editor\" data-id=\"5a26621\" data-element_type=\"widget\" data-widget_type=\"text-editor.default\">\n\t\t\t\t<div class=\"elementor-widget-container\">\n\t\t\t\t\t\t\t<p>La Fondazione BPO accetta richieste che rientrano nelle seguenti aree:<\/p>\t\t\t\t\t\t<\/div>\n\t\t\t\t<\/div>\n\t\t\t\t<div class=\"elementor-element elementor-element-36bdbdd elementor-icon-list--layout-traditional elementor-list-item-link-full_width elementor-widget elementor-widget-icon-list\" data-id=\"36bdbdd\" data-element_type=\"widget\" data-widget_type=\"icon-list.default\">\n\t\t\t\t<div class=\"elementor-widget-container\">\n\t\t\t\t\t<ul class=\"elementor-icon-list-items\">\n\t\t\t\t\t\t\t<li class=\"elementor-icon-list-item\">\n\t\t\t\t\t\t\t\t\t\t\t<span class=\"elementor-icon-list-icon\">\n\t\t\t\t\t\t\t<i aria-hidden=\"true\" class=\"fas fa-check\"><\/i>\t\t\t\t\t\t<\/span>\n\t\t\t\t\t\t\t\t\t\t<span class=\"elementor-icon-list-text\">Aiuto per le persone bisognose<\/span>\n\t\t\t\t\t\t\t\t\t<\/li>\n\t\t\t\t\t\t\t\t<li class=\"elementor-icon-list-item\">\n\t\t\t\t\t\t\t\t\t\t\t<span class=\"elementor-icon-list-icon\">\n\t\t\t\t\t\t\t<i aria-hidden=\"true\" class=\"fas fa-check\"><\/i>\t\t\t\t\t\t<\/span>\n\t\t\t\t\t\t\t\t\t\t<span class=\"elementor-icon-list-text\">Aiuto per apprendisti e studenti<\/span>\n\t\t\t\t\t\t\t\t\t<\/li>\n\t\t\t\t\t\t\t\t<li class=\"elementor-icon-list-item\">\n\t\t\t\t\t\t\t\t\t\t\t<span class=\"elementor-icon-list-icon\">\n\t\t\t\t\t\t\t<i aria-hidden=\"true\" class=\"fas fa-check\"><\/i>\t\t\t\t\t\t<\/span>\n\t\t\t\t\t\t\t\t\t\t<span class=\"elementor-icon-list-text\">Persone con risorse finanziarie limitate che desiderano perfezionare le proprie conoscenze professionali. <\/span>\n\t\t\t\t\t\t\t\t\t<\/li>\n\t\t\t\t\t\t\t\t<li class=\"elementor-icon-list-item\">\n\t\t\t\t\t\t\t\t\t\t\t<span class=\"elementor-icon-list-icon\">\n\t\t\t\t\t\t\t<i aria-hidden=\"true\" class=\"fas fa-check\"><\/i>\t\t\t\t\t\t<\/span>\n\t\t\t\t\t\t\t\t\t\t<span class=\"elementor-icon-list-text\">Ospedali o istituti di ricerca medica <\/span>\n\t\t\t\t\t\t\t\t\t<\/li>\n\t\t\t\t\t\t<\/ul>\n\t\t\t\t<\/div>\n\t\t\t\t<\/div>\n\t\t\t\t<div class=\"elementor-element elementor-element-2f25a68 elementor-widget elementor-widget-global elementor-global-172 elementor-widget-spacer\" data-id=\"2f25a68\" data-element_type=\"widget\" data-widget_type=\"spacer.default\">\n\t\t\t\t<div class=\"elementor-widget-container\">\n\t\t\t\t\t<div class=\"elementor-spacer\">\n\t\t\t<div class=\"elementor-spacer-inner\"><\/div>\n\t\t<\/div>\n\t\t\t\t<\/div>\n\t\t\t\t<\/div>\n\t\t\t\t<div class=\"elementor-element elementor-element-76f8f0d elementor-widget elementor-widget-heading\" data-id=\"76f8f0d\" data-element_type=\"widget\" data-widget_type=\"heading.default\">\n\t\t\t\t<div class=\"elementor-widget-container\">\n\t\t\t<h6 class=\"elementor-heading-title elementor-size-default\">Non vengono accolte le seguenti richieste<\/h6>\t\t<\/div>\n\t\t\t\t<\/div>\n\t\t\t\t<div class=\"elementor-element elementor-element-727ea65 elementor-icon-list--layout-traditional elementor-list-item-link-full_width elementor-widget elementor-widget-icon-list\" data-id=\"727ea65\" data-element_type=\"widget\" data-widget_type=\"icon-list.default\">\n\t\t\t\t<div class=\"elementor-widget-container\">\n\t\t\t\t\t<ul class=\"elementor-icon-list-items\">\n\t\t\t\t\t\t\t<li class=\"elementor-icon-list-item\">\n\t\t\t\t\t\t\t\t\t\t\t<span class=\"elementor-icon-list-icon\">\n\t\t\t\t\t\t\t<i aria-hidden=\"true\" class=\"fas fa-times\"><\/i>\t\t\t\t\t\t<\/span>\n\t\t\t\t\t\t\t\t\t\t<span class=\"elementor-icon-list-text\">Sostegno nel settore dello sport<\/span>\n\t\t\t\t\t\t\t\t\t<\/li>\n\t\t\t\t\t\t\t\t<li class=\"elementor-icon-list-item\">\n\t\t\t\t\t\t\t\t\t\t\t<span class=\"elementor-icon-list-icon\">\n\t\t\t\t\t\t\t<i aria-hidden=\"true\" class=\"fas fa-times\"><\/i>\t\t\t\t\t\t<\/span>\n\t\t\t\t\t\t\t\t\t\t<span class=\"elementor-icon-list-text\">Conservazione della natura e protezione degli animali<\/span>\n\t\t\t\t\t\t\t\t\t<\/li>\n\t\t\t\t\t\t<\/ul>\n\t\t\t\t<\/div>\n\t\t\t\t<\/div>\n\t\t\t\t<div class=\"elementor-element elementor-element-1492ce2 elementor-widget elementor-widget-global elementor-global-172 elementor-widget-spacer\" data-id=\"1492ce2\" data-element_type=\"widget\" data-widget_type=\"spacer.default\">\n\t\t\t\t<div class=\"elementor-widget-container\">\n\t\t\t\t\t<div class=\"elementor-spacer\">\n\t\t\t<div class=\"elementor-spacer-inner\"><\/div>\n\t\t<\/div>\n\t\t\t\t<\/div>\n\t\t\t\t<\/div>\n\t\t\t\t<div class=\"elementor-element elementor-element-8fdb05d elementor-widget elementor-widget-text-editor\" data-id=\"8fdb05d\" data-element_type=\"widget\" data-widget_type=\"text-editor.default\">\n\t\t\t\t<div class=\"elementor-widget-container\">\n\t\t\t\t\t\t\t\t\t\t\t\t\t<\/div>\n\t\t\t\t<\/div>\n\t\t\t\t<div class=\"elementor-element elementor-element-4291ffb elementor-widget elementor-widget-heading\" data-id=\"4291ffb\" data-element_type=\"widget\" data-widget_type=\"heading.default\">\n\t\t\t\t<div class=\"elementor-widget-container\">\n\t\t\t<h6 class=\"elementor-heading-title elementor-size-default\">Criteri formali per la presentazione di una richiesta<\/h6>\t\t<\/div>\n\t\t\t\t<\/div>\n\t\t\t\t<div class=\"elementor-element elementor-element-5285313 elementor-icon-list--layout-traditional elementor-list-item-link-full_width elementor-widget elementor-widget-icon-list\" data-id=\"5285313\" data-element_type=\"widget\" data-widget_type=\"icon-list.default\">\n\t\t\t\t<div class=\"elementor-widget-container\">\n\t\t\t\t\t<ul class=\"elementor-icon-list-items\">\n\t\t\t\t\t\t\t<li class=\"elementor-icon-list-item\">\n\t\t\t\t\t\t\t\t\t\t\t<span class=\"elementor-icon-list-icon\">\n\t\t\t\t\t\t\t<i aria-hidden=\"true\" class=\"fas fa-dot-circle\"><\/i>\t\t\t\t\t\t<\/span>\n\t\t\t\t\t\t\t\t\t\t<span class=\"elementor-icon-list-text\">Modulo di richiesta<\/span>\n\t\t\t\t\t\t\t\t\t<\/li>\n\t\t\t\t\t\t\t\t<li class=\"elementor-icon-list-item\">\n\t\t\t\t\t\t\t\t\t\t\t<span class=\"elementor-icon-list-icon\">\n\t\t\t\t\t\t\t<i aria-hidden=\"true\" class=\"fas fa-dot-circle\"><\/i>\t\t\t\t\t\t<\/span>\n\t\t\t\t\t\t\t\t\t\t<span class=\"elementor-icon-list-text\">Lettera di accompagnamento con motivazione chiara e comprensibile (max. 2 pagine)<\/span>\n\t\t\t\t\t\t\t\t\t<\/li>\n\t\t\t\t\t\t\t\t<li class=\"elementor-icon-list-item\">\n\t\t\t\t\t\t\t\t\t\t\t<span class=\"elementor-icon-list-icon\">\n\t\t\t\t\t\t\t<i aria-hidden=\"true\" class=\"fas fa-dot-circle\"><\/i>\t\t\t\t\t\t<\/span>\n\t\t\t\t\t\t\t\t\t\t<span class=\"elementor-icon-list-text\">Allegati al modulo di richiesta<\/span>\n\t\t\t\t\t\t\t\t\t<\/li>\n\t\t\t\t\t\t<\/ul>\n\t\t\t\t<\/div>\n\t\t\t\t<\/div>\n\t\t\t\t<div class=\"elementor-element elementor-element-019a902 elementor-widget elementor-widget-text-editor\" data-id=\"019a902\" data-element_type=\"widget\" data-widget_type=\"text-editor.default\">\n\t\t\t\t<div class=\"elementor-widget-container\">\n\t\t\t\t\t\t\t<p>Lingua: tedesco o italiano<\/p><p>La richiesta \u00e8 da inviare con tutti gli allegati via e-mail (1 PDF) o per posta. Sono da evitare graffette e rilegature, \u00e8 richiesto un formato semplice. <\/p>\t\t\t\t\t\t<\/div>\n\t\t\t\t<\/div>\n\t\t\t\t<div class=\"elementor-element elementor-element-d1b0850 elementor-widget elementor-widget-global elementor-global-172 elementor-widget-spacer\" data-id=\"d1b0850\" data-element_type=\"widget\" data-widget_type=\"spacer.default\">\n\t\t\t\t<div class=\"elementor-widget-container\">\n\t\t\t\t\t<div class=\"elementor-spacer\">\n\t\t\t<div class=\"elementor-spacer-inner\"><\/div>\n\t\t<\/div>\n\t\t\t\t<\/div>\n\t\t\t\t<\/div>\n\t\t\t\t<div class=\"elementor-element elementor-element-615e458 elementor-widget elementor-widget-text-editor\" data-id=\"615e458\" data-element_type=\"widget\" data-widget_type=\"text-editor.default\">\n\t\t\t\t<div class=\"elementor-widget-container\">\n\t\t\t\t\t\t\t<p><span style=\"font-weight: 400;\">Il consiglio della fondazione si riunisce tre volte all'anno.<\/span><\/p><p><span style=\"text-decoration: underline;\">Termini di presentazione delle richieste<\/span><\/p><p>15. maggio per la sessione estiva<br \/>15. settembre per la sessione autunnale<br \/>15. gennaio per la sessione primaverile<\/p><p>La presentazione di una richiesta di sostegno \u00e8 considerata anche quale dichiarazione di consenso all'archiviazione e al trattamento dei dati personali da parte della Fondazione secondo le disposizioni di legge.<\/p><p>Una richiesta di sostegno pu\u00f2 essere respinta senza fornire motivazioni. I richiedenti riceveranno una notifica scritta dopo la decisione del consiglio di fondazione.<\/p>\t\t\t\t\t\t<\/div>\n\t\t\t\t<\/div>\n\t\t\t\t<div class=\"elementor-element elementor-element-2dbcc47 elementor-widget elementor-widget-global elementor-global-172 elementor-widget-spacer\" data-id=\"2dbcc47\" data-element_type=\"widget\" data-widget_type=\"spacer.default\">\n\t\t\t\t<div class=\"elementor-widget-container\">\n\t\t\t\t\t<div class=\"elementor-spacer\">\n\t\t\t<div class=\"elementor-spacer-inner\"><\/div>\n\t\t<\/div>\n\t\t\t\t<\/div>\n\t\t\t\t<\/div>\n\t\t\t\t<div class=\"elementor-element elementor-element-0b06868 elementor-icon-list--layout-traditional elementor-list-item-link-full_width elementor-widget elementor-widget-icon-list\" data-id=\"0b06868\" data-element_type=\"widget\" data-widget_type=\"icon-list.default\">\n\t\t\t\t<div class=\"elementor-widget-container\">\n\t\t\t\t\t<ul class=\"elementor-icon-list-items\">\n\t\t\t\t\t\t\t<li class=\"elementor-icon-list-item\">\n\t\t\t\t\t\t\t\t\t\t\t<a href=\"https:\/\/www.fondazioniorlando.ch\/wp-content\/uploads\/2023\/07\/FO_Modulo-di-richiesta_Fondazione_BPO-RZ-IT.pdf\" target=\"_blank\">\n\n\t\t\t\t\t\t\t\t\t\t\t\t<span class=\"elementor-icon-list-icon\">\n\t\t\t\t\t\t\t<i aria-hidden=\"true\" class=\"far fa-file-pdf\"><\/i>\t\t\t\t\t\t<\/span>\n\t\t\t\t\t\t\t\t\t\t<span class=\"elementor-icon-list-text\">Scarica il modulo di richiesta Fondazione BPO <\/span>\n\t\t\t\t\t\t\t\t\t\t\t<\/a>\n\t\t\t\t\t\t\t\t\t<\/li>\n\t\t\t\t\t\t<\/ul>\n\t\t\t\t<\/div>\n\t\t\t\t<\/div>\n\t\t\t\t<div class=\"elementor-element elementor-element-2758b40 elementor-widget elementor-widget-global elementor-global-172 elementor-widget-spacer\" data-id=\"2758b40\" data-element_type=\"widget\" data-widget_type=\"spacer.default\">\n\t\t\t\t<div class=\"elementor-widget-container\">\n\t\t\t\t\t<div class=\"elementor-spacer\">\n\t\t\t<div class=\"elementor-spacer-inner\"><\/div>\n\t\t<\/div>\n\t\t\t\t<\/div>\n\t\t\t\t<\/div>\n\t\t\t\t<div class=\"elementor-element elementor-element-31ec1c3 elementor-widget elementor-widget-heading\" data-id=\"31ec1c3\" data-element_type=\"widget\" data-widget_type=\"heading.default\">\n\t\t\t\t<div class=\"elementor-widget-container\">\n\t\t\t<h6 class=\"elementor-heading-title elementor-size-default\">Fondazione BPO<\/h6>\t\t<\/div>\n\t\t\t\t<\/div>\n\t\t\t\t<div class=\"elementor-element elementor-element-2cd2267 elementor-widget elementor-widget-text-editor\" data-id=\"2cd2267\" data-element_type=\"widget\" data-widget_type=\"text-editor.default\">\n\t\t\t\t<div class=\"elementor-widget-container\">\n\t\t\t\t\t\t\t<p>c\/o Fabrizio Visinoni<br \/>Via Foppas 25, 7513 Silvaplana-Surlej<\/p>\t\t\t\t\t\t<\/div>\n\t\t\t\t<\/div>\n\t\t\t\t<div class=\"elementor-element elementor-element-a2b73b7 elementor-widget elementor-widget-text-editor\" data-id=\"a2b73b7\" data-element_type=\"widget\" data-widget_type=\"text-editor.default\">\n\t\t\t\t<div class=\"elementor-widget-container\">\n\t\t\t\t\t\t\tTelefono: <a href=\"tel: 41818370000\">+41 81 837 00 00<\/a><br>\nE-mail: <a href=\"mailto:\"office@fondazioniorlando.ch\">office@fondazioniorlando.ch<\/a>\n\n\t\t\t\t\t\t<\/div>\n\t\t\t\t<\/div>\n\t\t\t\t\t<\/div>\n\t\t<\/div>\n\t\t\t\t\t<\/div>\n\t\t<\/section>\n\t\t\t\t<section class=\"elementor-section elementor-inner-section elementor-element elementor-element-55e833b elementor-section-full_width elementor-section-height-default elementor-section-height-default\" data-id=\"55e833b\" data-element_type=\"section\">\n\t\t\t\t\t\t<div class=\"elementor-container elementor-column-gap-no\">\n\t\t\t\t\t<div class=\"elementor-column elementor-col-100 elementor-inner-column elementor-element elementor-element-2d0c0fb\" data-id=\"2d0c0fb\" data-element_type=\"column\">\n\t\t\t<div class=\"elementor-widget-wrap elementor-element-populated\">\n\t\t\t\t\t\t<div class=\"elementor-element elementor-element-51670a5 elementor-widget__width-auto elementor-widget-mobile__width-inherit elementor-widget elementor-widget-text-editor\" data-id=\"51670a5\" data-element_type=\"widget\" data-widget_type=\"text-editor.default\">\n\t\t\t\t<div class=\"elementor-widget-container\">\n\t\t\t\t\t\t\t\u00a9 2026 Fondazioni Orlando \t\t\t\t\t\t<\/div>\n\t\t\t\t<\/div>\n\t\t\t\t<div class=\"elementor-element elementor-element-813addf elementor-widget__width-auto elementor-widget-mobile__width-inherit elementor-hidden-mobile elementor-widget elementor-widget-text-editor\" data-id=\"813addf\" data-element_type=\"widget\" data-widget_type=\"text-editor.default\">\n\t\t\t\t<div class=\"elementor-widget-container\">\n\t\t\t\t\t\t\t| Made with <a href=\"https:\/\/www.design-terminal.com\/\" target=\"_blank\" rel=\"noopener\">\u2665<\/a> by <a href=\"https:\/\/www.design-terminal.com\/\" target=\"_blank\" rel=\"noopener\">Design Terminal<\/a>\t\t\t\t\t\t<\/div>\n\t\t\t\t<\/div>\n\t\t\t\t<div class=\"elementor-element elementor-element-306561c elementor-widget__width-auto elementor-widget-mobile__width-inherit elementor-hidden-desktop elementor-hidden-tablet elementor-widget elementor-widget-text-editor\" data-id=\"306561c\" data-element_type=\"widget\" data-widget_type=\"text-editor.default\">\n\t\t\t\t<div class=\"elementor-widget-container\">\n\t\t\t\t\t\t\t<p>fatto con <a href=\"https:\/\/www.design-terminal.com\/\" target=\"_blank\" rel=\"noopener\">\u2665<\/a> by <a href=\"https:\/\/www.design-terminal.com\/\" target=\"_blank\" rel=\"noopener\">Design Terminal<\/a><\/p>\t\t\t\t\t\t<\/div>\n\t\t\t\t<\/div>\n\t\t\t\t\t<\/div>\n\t\t<\/div>\n\t\t\t\t\t<\/div>\n\t\t<\/section>\n\t\t\t\t\t<\/div>\n\t\t<\/div>\n\t\t\t\t<div class=\"elementor-column elementor-col-50 elementor-top-column elementor-element elementor-element-eb29d6b\" data-id=\"eb29d6b\" data-element_type=\"column\" data-settings=\"{&quot;background_background&quot;:&quot;slideshow&quot;,&quot;background_slideshow_gallery&quot;:[{&quot;id&quot;:280,&quot;url&quot;:&quot;https:\\\/\\\/www.fondazioniorlando.ch\\\/wp-content\\\/uploads\\\/2023\\\/04\\\/pexels-szabo-viktor-3227984-2.jpg&quot;},{&quot;id&quot;:279,&quot;url&quot;:&quot;https:\\\/\\\/www.fondazioniorlando.ch\\\/wp-content\\\/uploads\\\/2023\\\/04\\\/pexels-inga-seliverstova-4678074-2.jpg&quot;}],&quot;background_slideshow_transition_duration&quot;:2500,&quot;background_slideshow_slide_duration&quot;:10000,&quot;background_slideshow_loop&quot;:&quot;yes&quot;,&quot;background_slideshow_slide_transition&quot;:&quot;fade&quot;}\">\n\t\t\t<div class=\"elementor-widget-wrap elementor-element-populated\">\n\t\t\t\t\t\t<div class=\"elementor-element elementor-element-e60c767 elementor-widget elementor-widget-spacer\" data-id=\"e60c767\" data-element_type=\"widget\" data-widget_type=\"spacer.default\">\n\t\t\t\t<div class=\"elementor-widget-container\">\n\t\t\t\t\t<div class=\"elementor-spacer\">\n\t\t\t<div class=\"elementor-spacer-inner\"><\/div>\n\t\t<\/div>\n\t\t\t\t<\/div>\n\t\t\t\t<\/div>\n\t\t\t\t\t<\/div>\n\t\t<\/div>\n\t\t\t\t\t<\/div>\n\t\t<\/section>\n\t\t\t\t<\/div>","protected":false},"excerpt":{"rendered":"<p>FONDAZIONI ORLANDO Stiftung BPO Unterst\u00fctzungsbereiche Die Stiftung BPO nimmt nur Antr\u00e4ge an, die in folgende Bereiche fallen: Hilfe f\u00fcr Menschen in Not Hilfe f\u00fcr Lehrlinge und Studenten Menschen mit begrenzten finanziellen Mittel, die ihr berufliches Wissen perfektionieren m\u00f6chten. Spit\u00e4ler oder medizinische Forschungsinstitute Nicht unterst\u00fctzt werden Unterst\u00fctzung im sportlichen Bereich Natur- und Tierschutz Formale Kriterien f\u00fcr [&hellip;]<\/p>","protected":false},"author":2,"featured_media":0,"parent":0,"menu_order":0,"comment_status":"closed","ping_status":"closed","template":"","meta":[],"yoast_head":"<!-- This site is optimized with the Yoast SEO plugin v21.5 - https:\/\/yoast.com\/wordpress\/plugins\/seo\/ -->\n<title>Stiftung BPO - FONDAZIONI ORLANDO<\/title>\n<meta name=\"robots\" content=\"index, follow, max-snippet:-1, max-image-preview:large, max-video-preview:-1\" \/>\n<link rel=\"canonical\" href=\"https:\/\/www.fondazioniorlando.ch\/it\/fondazione-bpo\/\" \/>\n<meta property=\"og:locale\" content=\"it_IT\" \/>\n<meta property=\"og:type\" content=\"article\" \/>\n<meta property=\"og:title\" content=\"Stiftung BPO - FONDAZIONI ORLANDO\" \/>\n<meta property=\"og:description\" content=\"FONDAZIONI ORLANDO Stiftung BPO Unterst\u00fctzungsbereiche Die Stiftung BPO nimmt nur Antr\u00e4ge an, die in folgende Bereiche fallen: Hilfe f\u00fcr Menschen in Not Hilfe f\u00fcr Lehrlinge und Studenten Menschen mit begrenzten finanziellen Mittel, die ihr berufliches Wissen perfektionieren m\u00f6chten. Spit\u00e4ler oder medizinische Forschungsinstitute Nicht unterst\u00fctzt werden Unterst\u00fctzung im sportlichen Bereich Natur- und Tierschutz Formale Kriterien f\u00fcr [&hellip;]\" \/>\n<meta property=\"og:url\" content=\"https:\/\/www.fondazioniorlando.ch\/it\/fondazione-bpo\/\" \/>\n<meta property=\"og:site_name\" content=\"FONDAZIONI ORLANDO\" \/>\n<meta property=\"article:modified_time\" content=\"2023-07-13T11:21:26+00:00\" \/>\n<meta name=\"twitter:card\" content=\"summary_large_image\" \/>\n<meta name=\"twitter:label1\" content=\"Tempo di lettura stimato\" \/>\n\t<meta name=\"twitter:data1\" content=\"2 minuti\" \/>\n<script type=\"application\/ld+json\" class=\"yoast-schema-graph\">{\"@context\":\"https:\/\/schema.org\",\"@graph\":[{\"@type\":\"WebPage\",\"@id\":\"https:\/\/www.fondazioniorlando.ch\/stiftung-bpo\/\",\"url\":\"https:\/\/www.fondazioniorlando.ch\/stiftung-bpo\/\",\"name\":\"Stiftung BPO - FONDAZIONI ORLANDO\",\"isPartOf\":{\"@id\":\"https:\/\/www.fondazioniorlando.ch\/#website\"},\"datePublished\":\"2023-04-16T14:37:10+00:00\",\"dateModified\":\"2023-07-13T11:21:26+00:00\",\"breadcrumb\":{\"@id\":\"https:\/\/www.fondazioniorlando.ch\/stiftung-bpo\/#breadcrumb\"},\"inLanguage\":\"it-IT\",\"potentialAction\":[{\"@type\":\"ReadAction\",\"target\":[\"https:\/\/www.fondazioniorlando.ch\/stiftung-bpo\/\"]}]},{\"@type\":\"BreadcrumbList\",\"@id\":\"https:\/\/www.fondazioniorlando.ch\/stiftung-bpo\/#breadcrumb\",\"itemListElement\":[{\"@type\":\"ListItem\",\"position\":1,\"name\":\"Startseite\",\"item\":\"https:\/\/www.fondazioniorlando.ch\/\"},{\"@type\":\"ListItem\",\"position\":2,\"name\":\"Stiftung BPO\"}]},{\"@type\":\"WebSite\",\"@id\":\"https:\/\/www.fondazioniorlando.ch\/#website\",\"url\":\"https:\/\/www.fondazioniorlando.ch\/\",\"name\":\"FONDAZIONI ORLANDO\",\"description\":\"mit den beiden Stiftungen &quot;BPO&quot; und &quot;Bruno e Paola Orlando&quot;\",\"potentialAction\":[{\"@type\":\"SearchAction\",\"target\":{\"@type\":\"EntryPoint\",\"urlTemplate\":\"https:\/\/www.fondazioniorlando.ch\/?s={search_term_string}\"},\"query-input\":\"required name=search_term_string\"}],\"inLanguage\":\"it-IT\"}]}<\/script>\n<!-- \/ Yoast SEO plugin. -->","yoast_head_json":{"title":"Stiftung BPO - FONDAZIONI ORLANDO","robots":{"index":"index","follow":"follow","max-snippet":"max-snippet:-1","max-image-preview":"max-image-preview:large","max-video-preview":"max-video-preview:-1"},"canonical":"https:\/\/www.fondazioniorlando.ch\/it\/fondazione-bpo\/","og_locale":"it_IT","og_type":"article","og_title":"Stiftung BPO - FONDAZIONI ORLANDO","og_description":"FONDAZIONI ORLANDO Stiftung BPO Unterst\u00fctzungsbereiche Die Stiftung BPO nimmt nur Antr\u00e4ge an, die in folgende Bereiche fallen: Hilfe f\u00fcr Menschen in Not Hilfe f\u00fcr Lehrlinge und Studenten Menschen mit begrenzten finanziellen Mittel, die ihr berufliches Wissen perfektionieren m\u00f6chten. Spit\u00e4ler oder medizinische Forschungsinstitute Nicht unterst\u00fctzt werden Unterst\u00fctzung im sportlichen Bereich Natur- und Tierschutz Formale Kriterien f\u00fcr [&hellip;]","og_url":"https:\/\/www.fondazioniorlando.ch\/it\/fondazione-bpo\/","og_site_name":"FONDAZIONI ORLANDO","article_modified_time":"2023-07-13T11:21:26+00:00","twitter_card":"summary_large_image","twitter_misc":{"Tempo di lettura stimato":"2 minuti"},"schema":{"@context":"https:\/\/schema.org","@graph":[{"@type":"WebPage","@id":"https:\/\/www.fondazioniorlando.ch\/stiftung-bpo\/","url":"https:\/\/www.fondazioniorlando.ch\/stiftung-bpo\/","name":"Stiftung BPO - FONDAZIONI ORLANDO","isPartOf":{"@id":"https:\/\/www.fondazioniorlando.ch\/#website"},"datePublished":"2023-04-16T14:37:10+00:00","dateModified":"2023-07-13T11:21:26+00:00","breadcrumb":{"@id":"https:\/\/www.fondazioniorlando.ch\/stiftung-bpo\/#breadcrumb"},"inLanguage":"it-IT","potentialAction":[{"@type":"ReadAction","target":["https:\/\/www.fondazioniorlando.ch\/stiftung-bpo\/"]}]},{"@type":"BreadcrumbList","@id":"https:\/\/www.fondazioniorlando.ch\/stiftung-bpo\/#breadcrumb","itemListElement":[{"@type":"ListItem","position":1,"name":"Startseite","item":"https:\/\/www.fondazioniorlando.ch\/"},{"@type":"ListItem","position":2,"name":"Stiftung BPO"}]},{"@type":"WebSite","@id":"https:\/\/www.fondazioniorlando.ch\/#website","url":"https:\/\/www.fondazioniorlando.ch\/","name":"FONDAZIONI ORLANDO","description":"mit den beiden Stiftungen &quot;BPO&quot; und &quot;Bruno e Paola Orlando&quot;","potentialAction":[{"@type":"SearchAction","target":{"@type":"EntryPoint","urlTemplate":"https:\/\/www.fondazioniorlando.ch\/?s={search_term_string}"},"query-input":"required name=search_term_string"}],"inLanguage":"it-IT"}]}},"_links":{"self":[{"href":"https:\/\/www.fondazioniorlando.ch\/it\/wp-json\/wp\/v2\/pages\/114"}],"collection":[{"href":"https:\/\/www.fondazioniorlando.ch\/it\/wp-json\/wp\/v2\/pages"}],"about":[{"href":"https:\/\/www.fondazioniorlando.ch\/it\/wp-json\/wp\/v2\/types\/page"}],"author":[{"embeddable":true,"href":"https:\/\/www.fondazioniorlando.ch\/it\/wp-json\/wp\/v2\/users\/2"}],"replies":[{"embeddable":true,"href":"https:\/\/www.fondazioniorlando.ch\/it\/wp-json\/wp\/v2\/comments?post=114"}],"version-history":[{"count":61,"href":"https:\/\/www.fondazioniorlando.ch\/it\/wp-json\/wp\/v2\/pages\/114\/revisions"}],"predecessor-version":[{"id":415,"href":"https:\/\/www.fondazioniorlando.ch\/it\/wp-json\/wp\/v2\/pages\/114\/revisions\/415"}],"wp:attachment":[{"href":"https:\/\/www.fondazioniorlando.ch\/it\/wp-json\/wp\/v2\/media?parent=114"}],"curies":[{"name":"wp","href":"https:\/\/api.w.org\/{rel}","templated":true}]}}